{"id":16,"date":"2025-07-29T18:38:40","date_gmt":"2025-07-29T18:38:40","guid":{"rendered":"https:\/\/pcf.jem.mybluehost.me\/home\/"},"modified":"2025-10-11T16:17:08","modified_gmt":"2025-10-11T16:17:08","slug":"home","status":"publish","type":"page","link":"https:\/\/bfixlab.com\/en\/","title":{"rendered":"Bem-vindo(a) \u00e0 BFixLab"},"content":{"rendered":"<figure class=\"wp-block-image alignfull size-large\"><img data-recalc-dims=\"1\" decoding=\"async\" width=\"1024\" height=\"536\" loading=\"lazy\" src=\"https:\/\/i0.wp.com\/bfixlab.com\/wp-content\/uploads\/2025\/07\/image-1.webp?resize=1024%2C536&#038;ssl=1\" alt=\"\" class=\"wp-image-82\" srcset=\"https:\/\/i0.wp.com\/bfixlab.com\/wp-content\/uploads\/2025\/07\/image-1.webp?resize=1024%2C536&amp;ssl=1 1024w, https:\/\/i0.wp.com\/bfixlab.com\/wp-content\/uploads\/2025\/07\/image-1.webp?resize=300%2C157&amp;ssl=1 300w, https:\/\/i0.wp.com\/bfixlab.com\/wp-content\/uploads\/2025\/07\/image-1.webp?resize=768%2C402&amp;ssl=1 768w, https:\/\/i0.wp.com\/bfixlab.com\/wp-content\/uploads\/2025\/07\/image-1.webp?w=1200&amp;ssl=1 1200w\" sizes=\"auto, (max-width: 1000px) 100vw, 1000px\" \/><\/figure>\n\n\n\n<h1 class=\"wp-block-heading has-text-align-center\"><em>FAST IT SOLUTIONS<\/em><\/h1>\n\n\n\n<div class=\"wp-block-buttons is-content-justification-center is-layout-flex wp-container-core-buttons-is-layout-a89b3969 wp-block-buttons-is-layout-flex\">\n<div class=\"wp-block-button\"><a class=\"wp-block-button__link has-text-align-center wp-element-button\" href=\"https:\/\/bfixlab.com\/en\/contacto\/\"><strong>Request a Quote<\/strong><\/a><\/div>\n<\/div>\n\n\n\n<div style=\"height:108px\" aria-hidden=\"true\" class=\"wp-block-spacer\"><\/div>\n\n\n\n<div class=\"nfd-container nfd-wb-testimonials__testimonials-10 wp-block-group has-global-padding is-layout-constrained wp-block-group-is-layout-constrained\">\n<div class=\"nfd-rounded-lg nfd-overflow-hidden wp-block-columns is-layout-flex wp-container-core-columns-is-layout-2b7f8edc wp-block-columns-is-layout-flex\" style=\"padding-top:0;padding-right:0;padding-bottom:0;padding-left:0\">\n<div class=\"wp-block-column is-vertically-aligned-stretch is-layout-flow wp-block-column-is-layout-flow\" style=\"padding-top:0;padding-right:0;padding-bottom:0;padding-left:0\">\n<div class=\"wp-block-group is-vertical is-content-justification-center is-layout-flex wp-container-core-group-is-layout-b6c1f246 wp-block-group-is-layout-flex\" style=\"min-height:100%\">\n<figure class=\"wp-block-image size-full is-resized\"><img data-recalc-dims=\"1\" decoding=\"async\" width=\"850\" height=\"500\" loading=\"lazy\" src=\"https:\/\/i0.wp.com\/bfixlab.com\/wp-content\/uploads\/2025\/07\/image.webp?resize=850%2C500&#038;ssl=1\" alt=\"\" class=\"wp-image-79\" style=\"width:808px;height:auto\" srcset=\"https:\/\/i0.wp.com\/bfixlab.com\/wp-content\/uploads\/2025\/07\/image.webp?w=850&amp;ssl=1 850w, https:\/\/i0.wp.com\/bfixlab.com\/wp-content\/uploads\/2025\/07\/image.webp?resize=300%2C176&amp;ssl=1 300w, https:\/\/i0.wp.com\/bfixlab.com\/wp-content\/uploads\/2025\/07\/image.webp?resize=768%2C452&amp;ssl=1 768w\" sizes=\"auto, (max-width: 850px) 100vw, 850px\" \/><\/figure>\n<\/div>\n<\/div>\n\n\n\n<div class=\"wp-block-column is-vertically-aligned-stretch is-layout-flow wp-container-core-column-is-layout-8a368f38 wp-block-column-is-layout-flow\">\n<div class=\"nfd-text-lg nfd-p-card-lg nfd-bg-surface nfd-theme-dark is-style-nfd-theme-dark wp-block-group is-vertical is-layout-flex wp-container-core-group-is-layout-d6b9ab57 wp-block-group-is-layout-flex\" style=\"min-height:100%;font-style:normal;font-weight:400;line-height:1.3\">\n<div class=\"nfd-text-balance wp-block-group is-vertical is-layout-flex wp-container-core-group-is-layout-fe9cc265 wp-block-group-is-layout-flex\">\n<p class=\"nfd-text-md has-text-color\" style=\"color:#fab906;letter-spacing:2px\">\u2605\u2605\u2605\u2605\u2605<\/p>\n\n\n\n<p class=\"\">My experience with this service was exceptional. The service was fast and efficient, and the technician demonstrated extensive knowledge in the field. My computer was repaired in record time and is like new! I recommend it to anyone who needs quality technical support.<\/p>\n<\/div>\n\n\n\n<div style=\"height:0px\" aria-hidden=\"true\" class=\"wp-block-spacer wp-container-content-9760934e\"><\/div>\n\n\n\n<div class=\"nfd-text-md nfd-gap-0 wp-block-group is-vertical is-layout-flex wp-container-core-group-is-layout-fe9cc265 wp-block-group-is-layout-flex\">\n<p class=\"\">Sara Martins<\/p>\n\n\n\n<p class=\"nfd-text-sm nfd-text-faded\">SSM Professionals Ltd<\/p>\n<\/div>\n<\/div>\n<\/div>\n<\/div>\n<\/div>\n\n\n\n<div style=\"height:100px\" aria-hidden=\"true\" class=\"wp-block-spacer\"><\/div>\n\n\n\n<div class=\"nfd-container nfd-wb-headings__heading-18 wp-block-group is-layout-flow wp-block-group-is-layout-flow\">\n<div class=\"nfd-stretch-cover-child nfd-bg-gray-800 alignfull wp-block-cover aligncenter\" style=\"margin-top:0;margin-bottom:0;padding-top:0;padding-right:0;padding-bottom:0;padding-left:0\"><img decoding=\"async\" loading=\"lazy\" class=\"wp-block-cover__image-background\" alt=\"\" src=\"https:\/\/images.unsplash.com\/photo-1604754742629-3e5728249d73?ixlib=rb-4.0.3&amp;ixid=MnwxMjA3fDB8MHxwaG90by1wYWdlfHx8fGVufDB8fHx8&amp;auto=format&amp;fit=crop&amp;q=80&amp;w=1200&amp;h=&amp;crop=\" style=\"object-position:50% 50%\" data-object-fit=\"cover\" data-object-position=\"50% 50%\"\/><span aria-hidden=\"true\" class=\"wp-block-cover__background has-background-dim-70 has-background-dim\"><\/span><div class=\"wp-block-cover__inner-container is-layout-flow wp-block-cover-is-layout-flow\">\n<div class=\"nfd-px-base nfd-grow nfd-w-full md:nfd-border-none alignfull wp-block-group is-vertical is-content-justification-stretch is-nowrap is-layout-flex wp-container-core-group-is-layout-e2991ef8 wp-block-group-is-layout-flex\" style=\"border-top-style:none;border-top-width:0px;border-right-color:var(--wp--preset--color--white);border-right-width:32px;border-bottom-color:var(--wp--preset--color--white);border-bottom-width:32px;border-left-color:var(--wp--preset--color--white);border-left-width:32px\">\n<h1 class=\"wp-block-heading has-text-align-center\">IT Solutions<\/h1>\n<\/div>\n<\/div><\/div>\n<\/div>\n\n\n\n<div style=\"height:58px\" aria-hidden=\"true\" class=\"wp-block-spacer\"><\/div>\n\n\n\n<div class=\"nfd-container nfd-p-md  nfd-wb-features__features-27 is-style-nfd-theme-white wp-block-group has-global-padding is-layout-constrained wp-container-core-group-is-layout-81828466 wp-block-group-is-layout-constrained\">\n<div class=\"nfd-gap-3xl nfd-text-md nfd-text-faded wp-block-columns are-vertically-aligned-top is-layout-flex wp-container-core-columns-is-layout-28f84493 wp-block-columns-is-layout-flex\">\n<div class=\"md:nfd-order-2 wp-block-column is-vertically-aligned-top is-layout-flow wp-container-core-column-is-layout-c6626a78 wp-block-column-is-layout-flow\" style=\"flex-basis:50%\">\n<div class=\"nfd-gap-xl wp-block-group is-vertical is-layout-flex wp-container-core-group-is-layout-fe9cc265 wp-block-group-is-layout-flex\">\n<h2 class=\"wp-block-heading nfd-text-huge nfd-text-contrast\">Fast and Effective Solutions<\/h2>\n\n\n\n<div class=\"wp-block-group has-global-padding is-layout-constrained wp-block-group-is-layout-constrained\">\n<p class=\"\">We offer high-quality, fast computer repair and maintenance services.<\/p>\n\n\n\n<p class=\"\">Our team specialises in diagnostics and software updates for your computer.<\/p>\n\n\n\n<p class=\"\">We transform your computer with customised services and technical support.<\/p>\n<\/div>\n<\/div>\n<\/div>\n\n\n\n<div class=\"md:nfd-order-2 wp-block-column is-vertically-aligned-top is-layout-flow wp-container-core-column-is-layout-c6626a78 wp-block-column-is-layout-flow\" style=\"flex-basis:50%\">\n<div class=\"nfd-gap-xl wp-block-group is-vertical is-layout-flex wp-container-core-group-is-layout-fe9cc265 wp-block-group-is-layout-flex\">\n<div style=\"height:0px\" aria-hidden=\"true\" class=\"md:nfd-hidden wp-block-spacer wp-container-content-541a6b20\"><\/div>\n\n\n\n<h2 class=\"nfd-text-huge nfd-text-current wp-block-heading\">Personalised Services for You<\/h2>\n\n\n\n<div class=\"wp-block-group has-global-padding is-layout-constrained wp-block-group-is-layout-constrained\">\n<p class=\"\">We tailor our services to your specific needs, ensuring your satisfaction.<\/p>\n\n\n\n<p class=\"\">With professional and dedicated service, we ensure that each customer receives the best solution for their IT problems, whether through remote or on-site support.<\/p>\n\n\n\n<p class=\"\">Specialised Technical Support<\/p>\n<\/div>\n<\/div>\n<\/div>\n<\/div>\n<\/div>\n\n\n\n<div class=\"nfd-container nfd-p-lg  nfd-wb-call-to-action__cta-11 is-style-nfd-theme-light wp-block-group has-global-padding is-layout-constrained wp-block-group-is-layout-constrained\">\n<div class=\"nfd-gap-2xl wp-block-group is-vertical is-content-justification-center is-layout-flex wp-container-core-group-is-layout-ce155fab wp-block-group-is-layout-flex\">\n<div class=\"nfd-gap-lg wp-block-group is-vertical is-content-justification-center is-layout-flex wp-container-core-group-is-layout-b6c1f246 wp-block-group-is-layout-flex\">\n<h2 class=\"nfd-text-xl nfd-text-contrast nfd-text-balance wp-block-heading has-text-align-center\">Transform your computer with our fast and reliable services!<\/h2>\n<\/div>\n\n\n\n<div class=\"md:nfd-items-start nfd-gap-md wp-block-group is-vertical is-content-justification-center is-layout-flex wp-container-core-group-is-layout-ce155fab wp-block-group-is-layout-flex\">\n<div class=\"nfd-text-md wp-block-buttons is-content-justification-left is-layout-flex wp-container-core-buttons-is-layout-fc4fd283 wp-block-buttons-is-layout-flex\">\n<div class=\"nfd-btn-wide is-style-fill wp-block-button\"><a class=\"wp-block-button__link wp-element-button\" href=\"https:\/\/bfixlab.com\/en\/contacto\/\">Request a diagnosis<\/a><\/div>\n<\/div>\n<\/div>\n<\/div>\n<\/div>","protected":false},"excerpt":{"rendered":"<p>SOLU\u00c7\u00d5ES R\u00c1PIDAS EM INFORM\u00c1TICA \u2605\u2605\u2605\u2605\u2605 A experi\u00eancia que tive com este servi\u00e7o foi excepcional. O atendimento foi r\u00e1pido e eficiente, e o t\u00e9cnico demonstrou um grande conhecimento na \u00e1rea. O meu computador foi reparado em tempo recorde e est\u00e1 como novo! Recomendo a todos que precisem de suporte t\u00e9cnico de qualidade. Sara Martins SSM Professionals [&hellip;]<\/p>\n","protected":false},"author":2,"featured_media":224,"parent":0,"menu_order":0,"comment_status":"closed","ping_status":"closed","template":"page-no-title","meta":{"nf_dc_page":"home","footnotes":""},"class_list":["post-16","page","type-page","status-publish","has-post-thumbnail","hentry"],"aioseo_notices":[],"jetpack_sharing_enabled":true,"_links":{"self":[{"href":"https:\/\/bfixlab.com\/en\/wp-json\/wp\/v2\/pages\/16","targetHints":{"allow":["GET"]}}],"collection":[{"href":"https:\/\/bfixlab.com\/en\/wp-json\/wp\/v2\/pages"}],"about":[{"href":"https:\/\/bfixlab.com\/en\/wp-json\/wp\/v2\/types\/page"}],"author":[{"embeddable":true,"href":"https:\/\/bfixlab.com\/en\/wp-json\/wp\/v2\/users\/2"}],"replies":[{"embeddable":true,"href":"https:\/\/bfixlab.com\/en\/wp-json\/wp\/v2\/comments?post=16"}],"version-history":[{"count":20,"href":"https:\/\/bfixlab.com\/en\/wp-json\/wp\/v2\/pages\/16\/revisions"}],"predecessor-version":[{"id":419,"href":"https:\/\/bfixlab.com\/en\/wp-json\/wp\/v2\/pages\/16\/revisions\/419"}],"wp:featuredmedia":[{"embeddable":true,"href":"https:\/\/bfixlab.com\/en\/wp-json\/wp\/v2\/media\/224"}],"wp:attachment":[{"href":"https:\/\/bfixlab.com\/en\/wp-json\/wp\/v2\/media?parent=16"}],"curies":[{"name":"wp","href":"https:\/\/api.w.org\/{rel}","templated":true}]}}