{"id":10,"date":"2025-07-29T18:36:51","date_gmt":"2025-07-29T18:36:51","guid":{"rendered":"https:\/\/pcf.jem.mybluehost.me\/sobre-nos\/"},"modified":"2025-10-15T14:06:13","modified_gmt":"2025-10-15T14:06:13","slug":"sobre-nos","status":"publish","type":"page","link":"https:\/\/bfixlab.com\/en\/sobre-nos\/","title":{"rendered":"About Us"},"content":{"rendered":"<div class=\"nfd-wb-hero__hero-5 is-style-nfd-theme-white wp-block-group alignfull is-layout-flow wp-block-group-is-layout-flow\">\n<div class=\"is-style-default nfd-rounded-xl nfd-stretch-cover-child wp-block-cover is-light\" style=\"padding-top:0;padding-right:0;padding-bottom:0;padding-left:0;min-height:60vh;aspect-ratio:unset;\"><img decoding=\"async\" loading=\"lazy\" class=\"wp-block-cover__image-background wp-image-215 size-full\" alt=\"\" src=\"https:\/\/bfixlab.com\/wp-content\/uploads\/2025\/07\/wrench-screwdriver-with-computer-keyboard-it-service-support_220873-15853.avif\" data-object-fit=\"cover\"\/><span aria-hidden=\"true\" class=\"wp-block-cover__background has-base-background-color has-background-dim-70 has-background-dim\"><\/span><div class=\"wp-block-cover__inner-container is-layout-flow wp-block-cover-is-layout-flow\">\n<div class=\"nfd-container nfd-text-md nfd-gap-xl nfd-p-lg is-style-nfd-theme-light wp-block-group has-background nfd-bg-effect-lines is-vertical is-content-justification-center is-layout-flex wp-container-core-group-is-layout-b6c1f246 wp-block-group-is-layout-flex\" style=\"background-color:#ffffff00\">\n<figure class=\"wp-block-image size-large is-resized\"><img data-recalc-dims=\"1\" decoding=\"async\" width=\"1024\" height=\"585\" loading=\"lazy\" src=\"https:\/\/i0.wp.com\/bfixlab.com\/wp-content\/uploads\/2025\/07\/Logo-Just-Letters.webp?resize=1024%2C585&#038;ssl=1\" alt=\"\" class=\"wp-image-21\" style=\"width:723px;height:auto\" srcset=\"https:\/\/i0.wp.com\/bfixlab.com\/wp-content\/uploads\/2025\/07\/Logo-Just-Letters.webp?resize=1024%2C585&amp;ssl=1 1024w, https:\/\/i0.wp.com\/bfixlab.com\/wp-content\/uploads\/2025\/07\/Logo-Just-Letters.webp?resize=300%2C171&amp;ssl=1 300w, https:\/\/i0.wp.com\/bfixlab.com\/wp-content\/uploads\/2025\/07\/Logo-Just-Letters.webp?resize=768%2C439&amp;ssl=1 768w, https:\/\/i0.wp.com\/bfixlab.com\/wp-content\/uploads\/2025\/07\/Logo-Just-Letters.webp?resize=1536%2C878&amp;ssl=1 1536w, https:\/\/i0.wp.com\/bfixlab.com\/wp-content\/uploads\/2025\/07\/Logo-Just-Letters.webp?resize=2048%2C1170&amp;ssl=1 2048w\" sizes=\"auto, (max-width: 1000px) 100vw, 1000px\" \/><\/figure>\n\n\n\n<p class=\"nfd-text-balance has-text-align-center translation-block\"><strong>BFixLab \u2013 Bruno Santos<\/strong> is a modern company specialising in remote <strong>IT and Design<\/strong> services. Our goal is to offer practical, accessible and transparent <strong>solutions<\/strong> tailored to each client's needs.<\/p>\n\n\n\n<p class=\"nfd-text-balance has-text-align-center translation-block\">We are committed to a <strong>professional and personalised<\/strong> approach, ensuring <strong>quality<\/strong> services and <strong>reliable<\/strong> technical support to individuals, freelancers and small businesses that value <strong>efficiency and convenience<\/strong>, without unnecessary travel.<\/p>\n\n\n\n<div class=\"wp-block-buttons is-layout-flex wp-block-buttons-is-layout-flex\">\n<div class=\"wp-block-button\"><a class=\"wp-block-button__link wp-element-button\" href=\"https:\/\/bfixlab.com\/en\/servicos\/\">See Our Services<\/a><\/div>\n<\/div>\n<\/div>\n<\/div><\/div>\n<\/div>\n\n\n\n<div class=\"nfd-container nfd-p-lg nfd-bg-effect-dots  nfd-wb-team__team-7 is-style-nfd-theme-light wp-block-group has-global-padding is-layout-constrained wp-block-group-is-layout-constrained\">\n<div class=\"nfd-gap-sm nfd-text-balance wp-block-group is-vertical is-content-justification-center is-layout-flex wp-container-core-group-is-layout-ce155fab wp-block-group-is-layout-flex\">\n<p class=\"nfd-text-primary has-text-align-center has-x-small-font-size\" style=\"font-style:normal;font-weight:600;letter-spacing:1px;text-transform:uppercase\">BFixLab<\/p>\n\n\n\n<h2 class=\"nfd-text-huge nfd-text-contrast wp-block-heading has-text-align-center\">Our Specialisations<\/h2>\n\n\n\n<div style=\"height:12px\" aria-hidden=\"true\" class=\"wp-block-spacer wp-container-content-541a6b20\"><\/div>\n<\/div>\n\n\n\n<div class=\"wp-block-buttons is-content-justification-center is-layout-flex wp-container-core-buttons-is-layout-a89b3969 wp-block-buttons-is-layout-flex\">\n<div class=\"wp-block-button\"><a class=\"wp-block-button__link wp-element-button\" href=\"https:\/\/bfixlab.com\/en\/servicos\/\"><strong>See More<\/strong><\/a><\/div>\n<\/div>\n\n\n\n<div style=\"height:48px\" aria-hidden=\"true\" class=\"wp-block-spacer\"><\/div>\n\n\n\n<div class=\"nfd-gap-y-2xl wp-block-columns are-vertically-aligned-top is-layout-flex wp-container-core-columns-is-layout-d7d455e7 wp-block-columns-is-layout-flex\" style=\"padding-top:0;padding-right:0;padding-bottom:0;padding-left:0\">\n<div class=\"wp-block-column is-vertically-aligned-top is-layout-flow wp-container-core-column-is-layout-8a368f38 wp-block-column-is-layout-flow\">\n<figure class=\"nfd-rounded-sm wp-block-image aligncenter size-full\"><img data-recalc-dims=\"1\" decoding=\"async\" width=\"1200\" height=\"675\" loading=\"lazy\" src=\"https:\/\/i0.wp.com\/bfixlab.com\/wp-content\/uploads\/2025\/07\/montagem-manutencao.webp?resize=1200%2C675&#038;ssl=1\" alt=\"\" class=\"wp-image-165\" style=\"aspect-ratio:1;object-fit:cover\" srcset=\"https:\/\/i0.wp.com\/bfixlab.com\/wp-content\/uploads\/2025\/07\/montagem-manutencao.webp?w=1200&amp;ssl=1 1200w, https:\/\/i0.wp.com\/bfixlab.com\/wp-content\/uploads\/2025\/07\/montagem-manutencao.webp?resize=300%2C169&amp;ssl=1 300w, https:\/\/i0.wp.com\/bfixlab.com\/wp-content\/uploads\/2025\/07\/montagem-manutencao.webp?resize=1024%2C576&amp;ssl=1 1024w, https:\/\/i0.wp.com\/bfixlab.com\/wp-content\/uploads\/2025\/07\/montagem-manutencao.webp?resize=768%2C432&amp;ssl=1 768w\" sizes=\"auto, (max-width: 1000px) 100vw, 1000px\" \/><\/figure>\n\n\n\n<div class=\"nfd-gap-0 wp-block-group has-global-padding is-layout-constrained wp-container-core-group-is-layout-485824cd wp-block-group-is-layout-constrained\">\n<div class=\"nfd-gap-sm wp-block-group is-vertical is-content-justification-stretch is-layout-flex wp-container-core-group-is-layout-353c4f5a wp-block-group-is-layout-flex\">\n<div class=\"nfd-relative nfd-gap-0 nfd-pt-xs -nfd-top-0.5 nfd-border-primary wp-block-group is-vertical is-content-justification-stretch is-layout-flex wp-container-core-group-is-layout-353c4f5a wp-block-group-is-layout-flex\" style=\"border-top-width:4px\">\n<p class=\"nfd-text-primary nfd-text-md has-text-align-left\"><strong>Technical Assistance<\/strong><\/p>\n<\/div>\n<\/div>\n<\/div>\n<\/div>\n\n\n\n<div class=\"wp-block-column is-vertically-aligned-top is-layout-flow wp-container-core-column-is-layout-8a368f38 wp-block-column-is-layout-flow\">\n<figure class=\"nfd-rounded-sm wp-block-image aligncenter size-full\"><img data-recalc-dims=\"1\" decoding=\"async\" width=\"670\" height=\"335\" loading=\"lazy\" src=\"https:\/\/i0.wp.com\/bfixlab.com\/wp-content\/uploads\/2025\/07\/app-update2.webp?resize=670%2C335&#038;ssl=1\" alt=\"\" class=\"wp-image-179\" style=\"aspect-ratio:1;object-fit:cover\" srcset=\"https:\/\/i0.wp.com\/bfixlab.com\/wp-content\/uploads\/2025\/07\/app-update2.webp?w=670&amp;ssl=1 670w, https:\/\/i0.wp.com\/bfixlab.com\/wp-content\/uploads\/2025\/07\/app-update2.webp?resize=300%2C150&amp;ssl=1 300w\" sizes=\"auto, (max-width: 670px) 100vw, 670px\" \/><\/figure>\n\n\n\n<div class=\"nfd-gap-0 wp-block-group has-global-padding is-layout-constrained wp-container-core-group-is-layout-485824cd wp-block-group-is-layout-constrained\">\n<div class=\"nfd-gap-sm wp-block-group is-vertical is-content-justification-stretch is-layout-flex wp-container-core-group-is-layout-353c4f5a wp-block-group-is-layout-flex\">\n<div class=\"nfd-relative nfd-gap-0 nfd-pt-xs -nfd-top-0.5 nfd-border-primary wp-block-group is-vertical is-content-justification-stretch is-layout-flex wp-container-core-group-is-layout-353c4f5a wp-block-group-is-layout-flex\" style=\"border-top-width:4px\">\n<p class=\"nfd-text-primary nfd-text-md has-text-align-left\"><strong><strong>Software &amp; Security<\/strong><\/strong><\/p>\n<\/div>\n<\/div>\n<\/div>\n<\/div>\n\n\n\n<div class=\"wp-block-column is-vertically-aligned-top is-layout-flow wp-container-core-column-is-layout-8a368f38 wp-block-column-is-layout-flow\">\n<figure class=\"nfd-rounded-sm wp-block-image aligncenter size-full\"><img data-recalc-dims=\"1\" decoding=\"async\" width=\"612\" height=\"344\" loading=\"lazy\" src=\"https:\/\/i0.wp.com\/bfixlab.com\/wp-content\/uploads\/2025\/09\/istockphoto-1503858430-612x612-1.webp?resize=612%2C344&#038;ssl=1\" alt=\"\" class=\"wp-image-404\" style=\"aspect-ratio:1;object-fit:cover\" srcset=\"https:\/\/i0.wp.com\/bfixlab.com\/wp-content\/uploads\/2025\/09\/istockphoto-1503858430-612x612-1.webp?w=612&amp;ssl=1 612w, https:\/\/i0.wp.com\/bfixlab.com\/wp-content\/uploads\/2025\/09\/istockphoto-1503858430-612x612-1.webp?resize=300%2C169&amp;ssl=1 300w, https:\/\/i0.wp.com\/bfixlab.com\/wp-content\/uploads\/2025\/09\/istockphoto-1503858430-612x612-1.webp?resize=18%2C10&amp;ssl=1 18w\" sizes=\"auto, (max-width: 612px) 100vw, 612px\" \/><\/figure>\n\n\n\n<div class=\"nfd-gap-0 wp-block-group has-global-padding is-layout-constrained wp-container-core-group-is-layout-485824cd wp-block-group-is-layout-constrained\">\n<div class=\"nfd-gap-sm wp-block-group is-vertical is-content-justification-stretch is-layout-flex wp-container-core-group-is-layout-353c4f5a wp-block-group-is-layout-flex\">\n<div class=\"nfd-relative nfd-gap-0 nfd-pt-xs -nfd-top-0.5 nfd-border-primary wp-block-group is-vertical is-content-justification-stretch is-layout-flex wp-container-core-group-is-layout-353c4f5a wp-block-group-is-layout-flex\" style=\"border-top-width:4px\">\n<p class=\"nfd-text-primary nfd-text-md has-text-align-left\"><strong><strong>Web &amp; Design<\/strong><\/strong><\/p>\n<\/div>\n<\/div>\n<\/div>\n<\/div>\n<\/div>\n<\/div>\n\n\n\n<div class=\"nfd-container nfd-p-lg  nfd-wb-faq__faq-2 is-style-nfd-theme-white wp-block-group has-global-padding is-layout-constrained wp-block-group-is-layout-constrained\">\n<div class=\"nfd-gap-xl nfd-gap-y-2xl wp-block-columns is-layout-flex wp-container-core-columns-is-layout-28f84493 wp-block-columns-is-layout-flex\">\n<div class=\"wp-block-column is-layout-flow wp-block-column-is-layout-flow\" style=\"flex-basis:45%\">\n<h2 class=\"wp-block-heading nfd-text-huge nfd-text-balance\">Frequently Asked Questions<\/h2>\n\n\n\n<div style=\"height:156px\" aria-hidden=\"true\" class=\"wp-block-spacer\"><\/div>\n\n\n\n<figure class=\"wp-block-image size-large is-resized\"><img data-recalc-dims=\"1\" decoding=\"async\" width=\"1024\" height=\"585\" loading=\"lazy\" src=\"https:\/\/i0.wp.com\/bfixlab.com\/wp-content\/uploads\/2025\/07\/Logo-Just-Letters.webp?resize=1024%2C585&#038;ssl=1\" alt=\"\" class=\"wp-image-21\" style=\"width:344px;height:auto\" srcset=\"https:\/\/i0.wp.com\/bfixlab.com\/wp-content\/uploads\/2025\/07\/Logo-Just-Letters.webp?resize=1024%2C585&amp;ssl=1 1024w, https:\/\/i0.wp.com\/bfixlab.com\/wp-content\/uploads\/2025\/07\/Logo-Just-Letters.webp?resize=300%2C171&amp;ssl=1 300w, https:\/\/i0.wp.com\/bfixlab.com\/wp-content\/uploads\/2025\/07\/Logo-Just-Letters.webp?resize=768%2C439&amp;ssl=1 768w, https:\/\/i0.wp.com\/bfixlab.com\/wp-content\/uploads\/2025\/07\/Logo-Just-Letters.webp?resize=1536%2C878&amp;ssl=1 1536w, https:\/\/i0.wp.com\/bfixlab.com\/wp-content\/uploads\/2025\/07\/Logo-Just-Letters.webp?resize=2048%2C1170&amp;ssl=1 2048w\" sizes=\"auto, (max-width: 1000px) 100vw, 1000px\" \/><\/figure>\n<\/div>\n\n\n\n<div class=\"wp-block-column is-layout-flow wp-block-column-is-layout-flow\" style=\"flex-basis:66.66%\">\n<div class=\"nfd-grid nfd-grid-cols-2 wp-block-group is-nowrap is-layout-flex wp-container-core-group-is-layout-768fc57f wp-block-group-is-layout-flex\">\n<div class=\"nfd-gap-y-xl wp-block-group is-vertical is-layout-flex wp-container-core-group-is-layout-fe9cc265 wp-block-group-is-layout-flex\">\n<div class=\"nfd-gap-sm wp-block-group is-vertical is-layout-flex wp-container-core-group-is-layout-fe9cc265 wp-block-group-is-layout-flex\">\n<h3 class=\"wp-block-heading nfd-text-md nfd-text-primary\" style=\"font-style:normal;font-weight:500\">Do you travel to people's homes or workplaces?<\/h3>\n\n\n\n<ul class=\"wp-block-list\">\n<li class=\"\">Yes, we offer free call-outs within our coverage area. Our service is fully mobile, so we will come to you to solve the problem on site.<\/li>\n<\/ul>\n<\/div>\n\n\n\n<div class=\"nfd-gap-sm wp-block-group is-vertical is-layout-flex wp-container-core-group-is-layout-fe9cc265 wp-block-group-is-layout-flex\">\n<h3 class=\"wp-block-heading nfd-text-md nfd-text-primary\" style=\"font-style:normal;font-weight:500\">How can I request a quote?<\/h3>\n\n\n\n<ul class=\"wp-block-list\">\n<li class=\"\">You can contact us by phone, email or via the <a href=\"https:\/\/bfixlab.com\/en\/contacto\/\" data-type=\"page\" data-id=\"11\"><strong>form<\/strong><\/a> on our website. Tell us about the problem or the service you require, and we will send you a free, no-obligation quote.<\/li>\n<\/ul>\n<\/div>\n\n\n\n<div class=\"nfd-gap-sm wp-block-group is-vertical is-layout-flex wp-container-core-group-is-layout-fe9cc265 wp-block-group-is-layout-flex\">\n<h3 class=\"wp-block-heading nfd-text-md nfd-text-primary\" style=\"font-style:normal;font-weight:500\">Do you sell equipment or components?<\/h3>\n\n\n\n<ul class=\"wp-block-list\">\n<li class=\"\">At the moment, we do not have our own stock, but we can recommend and assist in purchasing the ideal components from our suppliers. We also assemble and install components delivered by you, but subject to specific warranty terms.<\/li>\n<\/ul>\n<\/div>\n<\/div>\n\n\n\n<div class=\"nfd-gap-y-xl wp-block-group is-vertical is-layout-flex wp-container-core-group-is-layout-fe9cc265 wp-block-group-is-layout-flex\">\n<div class=\"nfd-gap-sm wp-block-group is-vertical is-layout-flex wp-container-core-group-is-layout-fe9cc265 wp-block-group-is-layout-flex\">\n<h3 class=\"wp-block-heading nfd-text-md nfd-text-primary\" style=\"font-style:normal;font-weight:500\">How long does it take to resolve a problem?<\/h3>\n\n\n\n<ul class=\"wp-block-list\">\n<li class=\"\">It depends on the complexity of the situation, but in most cases we can resolve it quickly. If a specific part is required, we always inform you before proceeding.<\/li>\n<\/ul>\n<\/div>\n\n\n\n<div class=\"nfd-gap-sm wp-block-group is-vertical is-layout-flex wp-container-core-group-is-layout-fe9cc265 wp-block-group-is-layout-flex\">\n<h3 class=\"wp-block-heading nfd-text-md nfd-text-primary\" style=\"font-style:normal;font-weight:500\">Are your services guaranteed?<\/h3>\n\n\n\n<ul class=\"wp-block-list\">\n<li class=\"\">Yes. All services provided are guaranteed, and we only work with reliable parts and solutions. Your satisfaction and trust are our priority.<\/li>\n<\/ul>\n<\/div>\n\n\n\n<div class=\"nfd-gap-sm wp-block-group is-vertical is-layout-flex wp-container-core-group-is-layout-fe9cc265 wp-block-group-is-layout-flex\">\n<h3 class=\"wp-block-heading nfd-text-md nfd-text-primary\" style=\"font-style:normal;font-weight:500\">Do you work with companies or only with individuals?<\/h3>\n\n\n\n<ul class=\"wp-block-list\">\n<li class=\"\">We work with both. We tailor our services to the needs of each customer, from domestic users to small businesses.<\/li>\n<\/ul>\n<\/div>\n<\/div>\n<\/div>\n<\/div>\n<\/div>\n\n\n\n<div style=\"height:40px\" aria-hidden=\"true\" class=\"wp-block-spacer\"><\/div>\n\n\n\n<div class=\"nfd-container wp-block-group has-global-padding is-layout-constrained wp-container-core-group-is-layout-f36bc466 wp-block-group-is-layout-constrained\">\n<div class=\"nfd-p-card-md nfd-gap-xl nfd-shadow-xs nfd-bg-surface nfd-theme-light nfd-rounded is-style-nfd-theme-light wp-block-group alignfull nfd-bg-effect-dots is-content-justification-space-between is-layout-flex wp-container-core-group-is-layout-9366075c wp-block-group-is-layout-flex\">\n<div class=\"nfd-gap-md wp-block-group is-layout-flex wp-block-group-is-layout-flex\">\n<figure class=\"is-style-rounded wp-block-image size-large is-resized\"><img decoding=\"async\" width=\"2560\" height=\"2312\" loading=\"lazy\" src=\"https:\/\/i0.wp.com\/bfixlab.com\/wp-content\/uploads\/2025\/07\/Contact-scaled.jpg?fit=1024%2C925&amp;ssl=1\" alt=\"\" class=\"wp-image-218\" style=\"object-fit:cover;width:60px;height:60px\" srcset=\"https:\/\/i0.wp.com\/bfixlab.com\/wp-content\/uploads\/2025\/07\/Contact-scaled.jpg?w=2560&amp;ssl=1 2560w, https:\/\/i0.wp.com\/bfixlab.com\/wp-content\/uploads\/2025\/07\/Contact-scaled.jpg?resize=300%2C271&amp;ssl=1 300w, https:\/\/i0.wp.com\/bfixlab.com\/wp-content\/uploads\/2025\/07\/Contact-scaled.jpg?resize=1024%2C925&amp;ssl=1 1024w, https:\/\/i0.wp.com\/bfixlab.com\/wp-content\/uploads\/2025\/07\/Contact-scaled.jpg?resize=768%2C694&amp;ssl=1 768w, https:\/\/i0.wp.com\/bfixlab.com\/wp-content\/uploads\/2025\/07\/Contact-scaled.jpg?resize=1536%2C1387&amp;ssl=1 1536w, https:\/\/i0.wp.com\/bfixlab.com\/wp-content\/uploads\/2025\/07\/Contact-scaled.jpg?resize=2048%2C1850&amp;ssl=1 2048w\" sizes=\"auto, (max-width: 1000px) 100vw, 1000px\" \/><\/figure>\n\n\n\n<div class=\"nfd-gap-0 wp-block-group is-vertical is-layout-flex wp-container-core-group-is-layout-fe9cc265 wp-block-group-is-layout-flex\">\n<p class=\"nfd-text-md\" style=\"font-style:normal;font-weight:600\">Would you like further clarification? Contact us!<\/p>\n\n\n\n<p class=\"nfd-text-base nfd-text-faded\">Send us a message, email or contact us via <a href=\"https:\/\/bfixlab.com\/en\/contacto\/\" data-type=\"page\" data-id=\"11\">Form<\/a> present on the Website!<\/p>\n<\/div>\n<\/div>\n\n\n\n<div class=\"wp-block-jetpack-send-a-message\">\n<div class=\"wp-block-jetpack-whatsapp-button is-color-dark\"><a class=\"whatsapp-block__button\" href=\"https:\/\/api.whatsapp.com\/send?phone=351928309415&amp;text=Hi%2C%20I%20got%20your%20WhatsApp%20information%20from%20your%20website.\" style=\"background-color:#25D366;color:#fff\" target=\"_self\" rel=\"noopener noreferrer\">Contact Us on WhatsApp<\/a><\/div>\n<\/div>\n<\/div>\n<\/div>\n<\/div>","protected":false},"excerpt":{"rendered":"<p>BFixLab As Nossas Especializa\u00e7\u00f5es Assist\u00eancia T\u00e9cnica Software &amp; Seguran\u00e7a Web &amp; Design Perguntas Frequentes Fazem desloca\u00e7\u00f5es a casa ou ao local de trabalho? Como posso pedir um or\u00e7amento? Vendem equipamentos ou componentes? Quanto tempo demora a resolu\u00e7\u00e3o de um problema? Os vossos servi\u00e7os t\u00eam garantia? Trabalham com empresas ou s\u00f3 com particulares? Pretende mais esclarecimentos? [&hellip;]<\/p>\n","protected":false},"author":2,"featured_media":0,"parent":0,"menu_order":0,"comment_status":"closed","ping_status":"closed","template":"page-no-title","meta":{"nf_dc_page":"sobre-nos","footnotes":""},"class_list":["post-10","page","type-page","status-publish","hentry"],"aioseo_notices":[],"jetpack_sharing_enabled":true,"_links":{"self":[{"href":"https:\/\/bfixlab.com\/en\/wp-json\/wp\/v2\/pages\/10","targetHints":{"allow":["GET"]}}],"collection":[{"href":"https:\/\/bfixlab.com\/en\/wp-json\/wp\/v2\/pages"}],"about":[{"href":"https:\/\/bfixlab.com\/en\/wp-json\/wp\/v2\/types\/page"}],"author":[{"embeddable":true,"href":"https:\/\/bfixlab.com\/en\/wp-json\/wp\/v2\/users\/2"}],"replies":[{"embeddable":true,"href":"https:\/\/bfixlab.com\/en\/wp-json\/wp\/v2\/comments?post=10"}],"version-history":[{"count":18,"href":"https:\/\/bfixlab.com\/en\/wp-json\/wp\/v2\/pages\/10\/revisions"}],"predecessor-version":[{"id":448,"href":"https:\/\/bfixlab.com\/en\/wp-json\/wp\/v2\/pages\/10\/revisions\/448"}],"wp:attachment":[{"href":"https:\/\/bfixlab.com\/en\/wp-json\/wp\/v2\/media?parent=10"}],"curies":[{"name":"wp","href":"https:\/\/api.w.org\/{rel}","templated":true}]}}